{"id":17393,"date":"2024-06-08T22:27:08","date_gmt":"2024-06-08T19:27:08","guid":{"rendered":"https:\/\/balticpresspublishers.eu\/meist\/"},"modified":"2025-08-07T10:14:57","modified_gmt":"2025-08-07T07:14:57","slug":"meist","status":"publish","type":"page","link":"https:\/\/balticpresspublishers.eu\/et\/","title":{"rendered":"Meist"},"content":{"rendered":"<div class=\"wpb-content-wrapper\"><p>[vc_row section_full_height=&#8221;fullheight&#8221; bg_type=&#8221;image&#8221; bg_image=&#8221;17357&#8243; bg_image_size=&#8221;responsive&#8221; padding_top_multiplier=&#8221;&#8221; padding_bottom_multiplier=&#8221;2x&#8221; equal_column_height=&#8221;equal-column&#8221; tablet_sm_visibility=&#8221;hide&#8221; mobile_visibility=&#8221;hide&#8221;][vc_column vertical_content_position=&#8221;middle&#8221; column_custom_position=&#8221;yes&#8221; position_left=&#8221;minus-1x&#8221; width=&#8221;1\/2&#8243; css=&#8221;.vc_custom_1718801385186{background-position: center !important;background-repeat: no-repeat !important;background-size: cover !important;}&#8221;][\/vc_column][vc_column width=&#8221;1\/2&#8243; column_fullheight=&#8221;fullheight&#8221;][vc_empty_space height=&#8221;60px&#8221;]<h1 class=\"grve-element grve-title grve-align-left grve-animated-item grve-duration-normal grve-fade-in-up grve-h1 grve-increase-heading grve-heading-200\" style=\"\" data-delay=\"200\"><span>\u201eKes me oleme?\u201c<\/span><\/h1>[vc_empty_space height=&#8221;20px&#8221;][vc_column_text css=&#8221;&#8221;]Balti Uudismeedia V\u00e4ljaandjate \u00dching (BPCMO) on kollektiivse esindamise organisatsioon (KEO), mis hakkab edendama Eesti, L\u00e4ti ja Leedu ajakirjandusv\u00e4ljaandjate huve, mis seonduvad peamiselt neile kuuluvate varaliste autori\u00f5iguste ja autori\u00f5igustega kaasnevate \u00f5igustega. \u00dching pakub v\u00e4ljaandjatele tuge l\u00e4bir\u00e4\u00e4kimistel veebiplatvormidega, kes meediasisu kasutavad (n\u00e4iteks Google ja Facebook). \u00d5iguste kasutajatel tekib v\u00f5imalus s\u00f5lmida \u00fchingu vahendusel kiiremini ja h\u00f5lpsamalt kokkuleppeid meediasisu kasutamiseks.<\/p>\n<p>\u00dching hakkab meediaettev\u00f5tete nimel pidama l\u00e4bir\u00e4\u00e4kimisi meediasisu kasutamise \u00fcle, sellekohaseid litsentsilepinguid s\u00f5lmima, tasu koguma ja seda meediav\u00e4ljaandjate vahel jaotama ning muul moel meediav\u00e4ljaandjate huve kaitsma.<\/p>\n<p>Balti Uudismeedia V\u00e4ljaandjate \u00dchingu asutasid 2024. aasta juunis AS Delfi Meedia, AS Postimees Grupp, AS \u00d5htuleht Kirjastus ja AS \u00c4rip\u00e4ev ning see hakkab tegema koost\u00f6\u00f6d teiste Euroopa uudismeedia v\u00e4ljaandjate kollektiivse esindamise organisatsioonidega.[\/vc_column_text][\/vc_column][\/vc_row][vc_row bg_type=&#8221;color&#8221; padding_top_multiplier=&#8221;2x&#8221; padding_bottom_multiplier=&#8221;3x&#8221; desktop_visibility=&#8221;hide&#8221; tablet_visibility=&#8221;hide&#8221; bg_color=&#8221;#ffffff&#8221;][vc_column css=&#8221;.vc_custom_1718037725019{background-position: center !important;background-repeat: no-repeat !important;background-size: cover !important;}&#8221;]<h1 class=\"grve-element grve-title grve-align-left grve-animated-item grve-duration-normal grve-fade-in-up grve-h1 grve-increase-heading grve-heading-200\" style=\"\" data-delay=\"200\"><span>\u201eKes me oleme?\u201c<\/span><\/h1>[vc_empty_space height=&#8221;20px&#8221;][vc_column_text css=&#8221;&#8221;]Balti Uudismeedia V\u00e4ljaandjate \u00dching (BPCMO) on kollektiivse esindamise organisatsioon (KEO), mis hakkab edendama Eesti, L\u00e4ti ja Leedu ajakirjandusv\u00e4ljaandjate huve, mis seonduvad peamiselt neile kuuluvate varaliste autori\u00f5iguste ja autori\u00f5igustega kaasnevate \u00f5igustega. \u00dching pakub v\u00e4ljaandjatele tuge l\u00e4bir\u00e4\u00e4kimistel veebiplatvormidega, kes meediasisu kasutavad (n\u00e4iteks Google ja Facebook). \u00d5iguste kasutajatel tekib v\u00f5imalus s\u00f5lmida \u00fchingu vahendusel kiiremini ja h\u00f5lpsamalt kokkuleppeid meediasisu kasutamiseks.<\/p>\n<p>\u00dching hakkab meediaettev\u00f5tete nimel pidama l\u00e4bir\u00e4\u00e4kimisi meediasisu kasutamise \u00fcle, sellekohaseid litsentsilepinguid s\u00f5lmima, tasu koguma ja seda meediav\u00e4ljaandjate vahel jaotama ning muul moel meediav\u00e4ljaandjate huve kaitsma.<\/p>\n<p>Balti Uudismeedia V\u00e4ljaandjate \u00dchingu asutasid 2024. aasta juunis AS Delfi Meedia, AS Postimees Grupp, AS \u00d5htuleht Kirjastus ja AS \u00c4rip\u00e4ev ning see hakkab tegema koost\u00f6\u00f6d teiste Euroopa uudismeedia v\u00e4ljaandjate kollektiivse esindamise organisatsioonidega.[\/vc_column_text][\/vc_column][\/vc_row][vc_row padding_top_multiplier=&#8221;3x&#8221; padding_bottom_multiplier=&#8221;4x&#8221; section_id=&#8221;associated&#8221;][vc_column]<h1 class=\"grve-element grve-title grve-align-left grve-animated-item grve-duration-normal grve-fade-in-up grve-h1 grve-increase-heading grve-heading-200\" style=\"\" data-delay=\"200\"><span>Esindatavad<\/span><\/h1>[vc_empty_space height=&#8221;20px&#8221;][vc_row_inner][vc_column_inner width=&#8221;1\/4&#8243; css=&#8221;.vc_custom_1717968650836{margin-top: 30px !important;border-left-width: 1px !important;padding-left: 20px !important;border-left-style: solid !important;}&#8221;]<h3 class=\"grve-element grve-title grve-align-left grve-h3\" style=\"\"><span>Delfi Meedia AS<\/span><\/h3>[vc_column_text css=&#8221;&#8221;]Narva mnt 13<br \/>\n10151 Tallinn<br \/>\n<a href=\"mailto:info@delfi.ee\">info@delfi.ee<\/a>[\/vc_column_text][\/vc_column_inner][vc_column_inner width=&#8221;1\/4&#8243; css=&#8221;.vc_custom_1717968642849{margin-top: 30px !important;border-left-width: 1px !important;padding-left: 20px !important;border-left-style: solid !important;}&#8221;]<h3 class=\"grve-element grve-title grve-align-left grve-h3\" style=\"\"><span>Postimees Grupp AS<\/span><\/h3>[vc_column_text css=&#8221;&#8221;]Tartu mnt 80<br \/>\n10112 Tallinn<br \/>\n<a href=\"mailto:postimeesgrupp@postimeesgrupp.ee\">postimeesgrupp@postimeesgrupp.ee<\/a>[\/vc_column_text][\/vc_column_inner][vc_column_inner width=&#8221;1\/4&#8243; css=&#8221;.vc_custom_1717968658966{margin-top: 30px !important;border-left-width: 1px !important;padding-left: 20px !important;border-left-style: solid !important;}&#8221;]<h3 class=\"grve-element grve-title grve-align-left grve-h3\" style=\"\"><span>\u00d5htuleht Kirjastus AS<\/span><\/h3>[vc_column_text css=&#8221;&#8221;]Narva mnt 13<br \/>\n10151 Tallinn<br \/>\n<a href=\"mailto:ametlik@ohtuleht.ee\">ametlik@ohtuleht.ee<\/a>[\/vc_column_text][\/vc_column_inner][vc_column_inner width=&#8221;1\/4&#8243; css=&#8221;.vc_custom_1717968667312{margin-top: 30px !important;border-left-width: 1px !important;padding-left: 20px !important;border-left-style: solid !important;}&#8221;]<h3 class=\"grve-element grve-title grve-align-left grve-h3\" style=\"\"><span>\u00c4rip\u00e4ev AS<\/span><\/h3>[vc_column_text css=&#8221;&#8221;]Vana-L\u00f5una 39\/1<br \/>\n19094 Tallinn<br \/>\n<a href=\"mailto:firma@aripaev.ee\">firma@aripaev.ee<\/a>[\/vc_column_text][\/vc_column_inner][\/vc_row_inner][vc_row_inner css=&#8221;.vc_custom_1732693054936{padding-top: 20px !important;}&#8221;][vc_column_inner width=&#8221;1\/4&#8243; css=&#8221;.vc_custom_1717968650836{margin-top: 30px !important;border-left-width: 1px !important;padding-left: 20px !important;border-left-style: solid !important;}&#8221;]<h3 class=\"grve-element grve-title grve-align-left grve-h3\" style=\"\"><span>Hiiu Meedia O\u00dc<\/span><\/h3>[vc_column_text css=&#8221;&#8221;]Vabrikuv\u00e4ljak 1<br \/>\n92411 K\u00e4rdla<br \/>\n<a href=\"mailto:info@hiiuleht.ee\" target=\"_blank\" rel=\"noopener\">info@hiiuleht.ee<\/a>[\/vc_column_text][\/vc_column_inner][vc_column_inner width=&#8221;1\/4&#8243; css=&#8221;.vc_custom_1717968642849{margin-top: 30px !important;border-left-width: 1px !important;padding-left: 20px !important;border-left-style: solid !important;}&#8221;]<h3 class=\"grve-element grve-title grve-align-left grve-h3\" style=\"\"><span>Geenius Meedia O\u00dc<\/span><\/h3>[vc_column_text css=&#8221;&#8221;]Volta 1<br \/>\n10412 Tallinn<br \/>\n<a href=\"mailto:martin.mets@geenius.ee\" target=\"_blank\" rel=\"noopener\">martin.mets@geenius.ee<\/a>[\/vc_column_text][\/vc_column_inner][vc_column_inner width=&#8221;1\/4&#8243; css=&#8221;.vc_custom_1717968658966{margin-top: 30px !important;border-left-width: 1px !important;padding-left: 20px !important;border-left-style: solid !important;}&#8221;]<h3 class=\"grve-element grve-title grve-align-left grve-h3\" style=\"\"><span>Osa\u00fching N\u00e4daline<\/span><\/h3>[vc_column_text css=&#8221;&#8221;]Viljandi mnt 6<br \/>\n79511 Rapla<br \/>\n<a href=\"mailto:info@sonumid.ee\" target=\"_blank\" rel=\"noopener\">info@sonumid.ee<\/a>[\/vc_column_text][\/vc_column_inner][vc_column_inner width=&#8221;1\/4&#8243; css=&#8221;.vc_custom_1717968667312{margin-top: 30px !important;border-left-width: 1px !important;padding-left: 20px !important;border-left-style: solid !important;}&#8221;]<h3 class=\"grve-element grve-title grve-align-left grve-h3\" style=\"\"><span>Osa\u00fching Raadio Kadi<\/span><\/h3>[vc_column_text css=&#8221;&#8221;]Kohtu tn 1<br \/>\n93812 Kuressaare<br \/>\n<a href=\"mailto:kadi@kadi.ee\" target=\"_blank\" rel=\"noopener\">kadi@kadi.ee<\/a>[\/vc_column_text][\/vc_column_inner][\/vc_row_inner][vc_row_inner css=&#8221;.vc_custom_1732693054936{padding-top: 20px !important;}&#8221;][vc_column_inner width=&#8221;1\/4&#8243; css=&#8221;.vc_custom_1717968650836{margin-top: 30px !important;border-left-width: 1px !important;padding-left: 20px !important;border-left-style: solid !important;}&#8221;]<h3 class=\"grve-element grve-title grve-align-left grve-h3\" style=\"\"><span>AS V\u00f5ru Teataja<\/span><\/h3>[vc_column_text css=&#8221;&#8221;]Oja tn 1<br \/>\n65602 V\u00f5ru<br \/>\n<a href=\"mailto:kalev@vorumaateataja.ee\">kalev@vorumaateataja.ee<\/a>[\/vc_column_text][\/vc_column_inner][vc_column_inner width=&#8221;1\/4&#8243; css=&#8221;.vc_custom_1717968642849{margin-top: 30px !important;border-left-width: 1px !important;padding-left: 20px !important;border-left-style: solid !important;}&#8221;]<h3 class=\"grve-element grve-title grve-align-left grve-h3\" style=\"\"><span>LETA SIA<\/span><\/h3>[vc_column_text css=&#8221;&#8221;]Satekles 2B<br \/>\nLV-1050 Riga<br \/>\n<a href=\"mailto:juris.mendzins@leta.lv\" target=\"_blank\" rel=\"noopener\">juris.mendzins@leta.lv<\/a>[\/vc_column_text][\/vc_column_inner][vc_column_inner width=&#8221;1\/4&#8243; css=&#8221;.vc_custom_1717968658966{margin-top: 30px !important;border-left-width: 1px !important;padding-left: 20px !important;border-left-style: solid !important;}&#8221;][\/vc_column_inner][vc_column_inner width=&#8221;1\/4&#8243; css=&#8221;.vc_custom_1717968667312{margin-top: 30px !important;border-left-width: 1px !important;padding-left: 20px !important;border-left-style: solid !important;}&#8221;][\/vc_column_inner][\/vc_row_inner][\/vc_column][\/vc_row][vc_row padding_bottom_multiplier=&#8221;2x&#8221; columns_gap=&#8221;45&#8243; section_id=&#8221;people&#8221;][vc_column]<h1 class=\"grve-element grve-title grve-align-left grve-animated-item grve-duration-normal grve-fade-in-up grve-h1 grve-increase-heading grve-heading-200\" style=\"\" data-delay=\"200\"><span>Inimesed<\/span><\/h1>[vc_row_inner][vc_column_inner width=&#8221;1\/4&#8243;][vc_empty_space]<div class=\"grve-element grve-image grve-align-center\" style=\"\">  <div class=\"grve-image-wrapper\"><img loading=\"lazy\" decoding=\"async\" width=\"500\" height=\"500\" src=\"https:\/\/balticpresspublishers.eu\/wp-content\/uploads\/2025\/05\/Erik-Heinsaar-C.jpg\" class=\"attachment-full size-full\" alt=\"\" srcset=\"https:\/\/balticpresspublishers.eu\/wp-content\/uploads\/2025\/05\/Erik-Heinsaar-C.jpg 500w, https:\/\/balticpresspublishers.eu\/wp-content\/uploads\/2025\/05\/Erik-Heinsaar-C-300x300.jpg 300w, https:\/\/balticpresspublishers.eu\/wp-content\/uploads\/2025\/05\/Erik-Heinsaar-C-150x150.jpg 150w\" sizes=\"auto, (max-width: 500px) 100vw, 500px\" \/>   <\/div><\/div>[vc_column_text css=&#8221;.vc_custom_1723740308003{padding-top: 20px !important;}&#8221;]<\/p>\n<p style=\"text-align: center;\">BPCMO juhatuse esimees<\/p>\n<p>[\/vc_column_text]<h3 class=\"grve-element grve-title grve-align-center grve-h3\" style=\"margin-bottom: 0px;\"><span><br>\n<p style=\"text-align: center;\">Erik Heinsaar<br>\n<\/span><\/h3>[vc_column_text css=&#8221;&#8221;]<\/p>\n<p style=\"text-align: center;\">AS Delfi Meedia<br \/>\njuhatuse liige<\/p>\n<p>[\/vc_column_text][\/vc_column_inner][vc_column_inner width=&#8221;1\/4&#8243;][vc_empty_space]<div class=\"grve-element grve-image grve-align-center\" style=\"\">  <div class=\"grve-image-wrapper\"><img loading=\"lazy\" decoding=\"async\" width=\"500\" height=\"500\" src=\"https:\/\/balticpresspublishers.eu\/wp-content\/uploads\/2024\/08\/Silver_Soomre.jpg\" class=\"attachment-full size-full\" alt=\"\" srcset=\"https:\/\/balticpresspublishers.eu\/wp-content\/uploads\/2024\/08\/Silver_Soomre.jpg 500w, https:\/\/balticpresspublishers.eu\/wp-content\/uploads\/2024\/08\/Silver_Soomre-300x300.jpg 300w, https:\/\/balticpresspublishers.eu\/wp-content\/uploads\/2024\/08\/Silver_Soomre-150x150.jpg 150w\" sizes=\"auto, (max-width: 500px) 100vw, 500px\" \/>   <\/div><\/div>[vc_column_text css=&#8221;.vc_custom_1723739936371{padding-top: 20px !important;}&#8221;]<\/p>\n<p style=\"text-align: center;\">BPCMO juhatuse liige<\/p>\n<p>[\/vc_column_text]<h3 class=\"grve-element grve-title grve-align-center grve-h3\" style=\"margin-bottom: 0px;\"><span><br>\n<p style=\"text-align: center;\">Silver Soomre<br>\n<\/span><\/h3>[vc_column_text css=&#8221;&#8221;]<\/p>\n<p style=\"text-align: center;\">AS Postimees Grupp<br \/>\njuhatuse esimees<\/p>\n<p>[\/vc_column_text][\/vc_column_inner][vc_column_inner width=&#8221;1\/4&#8243;][vc_empty_space]<div class=\"grve-element grve-image grve-align-center\" style=\"\">  <div class=\"grve-image-wrapper\"><img loading=\"lazy\" decoding=\"async\" width=\"500\" height=\"500\" src=\"https:\/\/balticpresspublishers.eu\/wp-content\/uploads\/2024\/06\/Toomas-Truuverk-B.jpg\" class=\"attachment-full size-full\" alt=\"\" srcset=\"https:\/\/balticpresspublishers.eu\/wp-content\/uploads\/2024\/06\/Toomas-Truuverk-B.jpg 500w, https:\/\/balticpresspublishers.eu\/wp-content\/uploads\/2024\/06\/Toomas-Truuverk-B-300x300.jpg 300w, https:\/\/balticpresspublishers.eu\/wp-content\/uploads\/2024\/06\/Toomas-Truuverk-B-150x150.jpg 150w\" sizes=\"auto, (max-width: 500px) 100vw, 500px\" \/>   <\/div><\/div>[vc_column_text css=&#8221;.vc_custom_1723739936371{padding-top: 20px !important;}&#8221;]<\/p>\n<p style=\"text-align: center;\">BPCMO juhatuse liige<\/p>\n<p>[\/vc_column_text]<h3 class=\"grve-element grve-title grve-align-center grve-h3\" style=\"margin-bottom: 0px;\"><span><br>\n<p style=\"text-align: center;\">Toomas Truuverk<br>\n<\/span><\/h3>[vc_column_text css=&#8221;&#8221;]<\/p>\n<p style=\"text-align: center;\">AS \u00c4rip\u00e4ev<br \/>\njuhatuse liige<\/p>\n<p>[\/vc_column_text][\/vc_column_inner][vc_column_inner width=&#8221;1\/4&#8243;][vc_empty_space]<div class=\"grve-element grve-image grve-align-center\" style=\"\">  <div class=\"grve-image-wrapper\"><img loading=\"lazy\" decoding=\"async\" width=\"500\" height=\"500\" src=\"https:\/\/balticpresspublishers.eu\/wp-content\/uploads\/2025\/01\/Martin_Smutov.jpg\" class=\"attachment-full size-full\" alt=\"\" srcset=\"https:\/\/balticpresspublishers.eu\/wp-content\/uploads\/2025\/01\/Martin_Smutov.jpg 500w, https:\/\/balticpresspublishers.eu\/wp-content\/uploads\/2025\/01\/Martin_Smutov-300x300.jpg 300w, https:\/\/balticpresspublishers.eu\/wp-content\/uploads\/2025\/01\/Martin_Smutov-150x150.jpg 150w\" sizes=\"auto, (max-width: 500px) 100vw, 500px\" \/>   <\/div><\/div>[vc_column_text css=&#8221;.vc_custom_1723739936371{padding-top: 20px !important;}&#8221;]<\/p>\n<p style=\"text-align: center;\">BPCMO juhatuse liige<\/p>\n<p>[\/vc_column_text]<h3 class=\"grve-element grve-title grve-align-center grve-h3\" style=\"margin-bottom: 0px;\"><span><br>\n<p style=\"text-align: center;\">Martin \u0160mutov<br>\n<\/span><\/h3>[vc_column_text css=&#8221;&#8221;]<\/p>\n<p style=\"text-align: center;\">AS \u00d5htuleht Kirjastus<br \/>\njuhatuse liige<\/p>\n<p>[\/vc_column_text][\/vc_column_inner][\/vc_row_inner][vc_empty_space height=&#8221;45px&#8221;][vc_row_inner][vc_column_inner width=&#8221;1\/4&#8243;][vc_empty_space]<div class=\"grve-element grve-image grve-align-center\" style=\"\">  <div class=\"grve-image-wrapper\"><img loading=\"lazy\" decoding=\"async\" width=\"500\" height=\"500\" src=\"https:\/\/balticpresspublishers.eu\/wp-content\/uploads\/2024\/08\/Elise-Vasamae.jpg\" class=\"attachment-full size-full\" alt=\"\" srcset=\"https:\/\/balticpresspublishers.eu\/wp-content\/uploads\/2024\/08\/Elise-Vasamae.jpg 500w, https:\/\/balticpresspublishers.eu\/wp-content\/uploads\/2024\/08\/Elise-Vasamae-300x300.jpg 300w, https:\/\/balticpresspublishers.eu\/wp-content\/uploads\/2024\/08\/Elise-Vasamae-150x150.jpg 150w\" sizes=\"auto, (max-width: 500px) 100vw, 500px\" \/>   <\/div><\/div><h3 class=\"grve-element grve-title grve-align-center grve-h3\" style=\"margin-bottom: 0px;\"><span><br>\n<p style=\"text-align: center;\">Elise Vasam\u00e4e<br>\n<\/span><\/h3>[vc_column_text css=&#8221;&#8221;]<\/p>\n<p style=\"text-align: center;\">vandeadvokaat<\/p>\n<p>[\/vc_column_text][vc_separator el_width=&#8221;20&#8243; css=&#8221;.vc_custom_1723740217213{margin-top: 10px !important;margin-bottom: 10px !important;}&#8221;][vc_column_text css=&#8221;&#8221;]<\/p>\n<p style=\"text-align: center;\">BPCMO \u00f5igusn\u00f5ustaja<\/p>\n<p>[\/vc_column_text][\/vc_column_inner][vc_column_inner width=&#8221;1\/4&#8243;][vc_empty_space]<div class=\"grve-element grve-image grve-align-center\" style=\"\">  <div class=\"grve-image-wrapper\"><img loading=\"lazy\" decoding=\"async\" width=\"500\" height=\"500\" src=\"https:\/\/balticpresspublishers.eu\/wp-content\/uploads\/2025\/08\/Kart_Kotkas_PM.jpg\" class=\"attachment-full size-full\" alt=\"\" srcset=\"https:\/\/balticpresspublishers.eu\/wp-content\/uploads\/2025\/08\/Kart_Kotkas_PM.jpg 500w, https:\/\/balticpresspublishers.eu\/wp-content\/uploads\/2025\/08\/Kart_Kotkas_PM-300x300.jpg 300w, https:\/\/balticpresspublishers.eu\/wp-content\/uploads\/2025\/08\/Kart_Kotkas_PM-150x150.jpg 150w\" sizes=\"auto, (max-width: 500px) 100vw, 500px\" \/>   <\/div><\/div><h3 class=\"grve-element grve-title grve-align-center grve-h3\" style=\"margin-bottom: 0px;\"><span><br>\n<p style=\"text-align: center;\">K\u00e4rt Kotkas<br>\n<\/span><\/h3>[vc_column_text css=&#8221;&#8221;]<\/p>\n<p style=\"text-align: center;\">projektijuht<\/p>\n<p>[\/vc_column_text][\/vc_column_inner][vc_column_inner width=&#8221;1\/4&#8243;][\/vc_column_inner][vc_column_inner width=&#8221;1\/4&#8243;][\/vc_column_inner][\/vc_row_inner][\/vc_column][\/vc_row]<\/p>\n<\/div>","protected":false},"excerpt":{"rendered":"<p>[vc_row section_full_height=&#8221;fullheight&#8221; bg_type=&#8221;image&#8221; bg_image=&#8221;17357&#8243; bg_image_size=&#8221;responsive&#8221; padding_top_multiplier=&#8221;&#8221; padding_bottom_multiplier=&#8221;2x&#8221; equal_column_height=&#8221;equal-column&#8221; tablet_sm_visibility=&#8221;hide&#8221; mobile_visibility=&#8221;hide&#8221;][vc_column vertical_content_position=&#8221;middle&#8221; column_custom_position=&#8221;yes&#8221; position_left=&#8221;minus-1x&#8221; width=&#8221;1\/2&#8243; css=&#8221;.vc_custom_1718801385186{background-position: center !important;background-repeat: no-repeat !important;background-size: cover !important;}&#8221;][\/vc_column][vc_column width=&#8221;1\/2&#8243; column_fullheight=&#8221;fullheight&#8221;][vc_empty_space height=&#8221;60px&#8221;][vc_empty_space height=&#8221;20px&#8221;][vc_column_text css=&#8221;&#8221;]Balti Uudismeedia V\u00e4ljaandjate \u00dching (BPCMO) on kollektiivse esindamise organisatsioon (KEO), mis hakkab edendama Eesti, L\u00e4ti ja Leedu ajakirjandusv\u00e4ljaandjate huve, mis seonduvad peamiselt neile kuuluvate varaliste autori\u00f5iguste ja autori\u00f5igustega kaasnevate \u00f5igustega. [&hellip;]<\/p>\n","protected":false},"author":2,"featured_media":0,"parent":0,"menu_order":0,"comment_status":"closed","ping_status":"closed","template":"","meta":{"footnotes":""},"class_list":["post-17393","page","type-page","status-publish","hentry"],"_links":{"self":[{"href":"https:\/\/balticpresspublishers.eu\/et\/wp-json\/wp\/v2\/pages\/17393","targetHints":{"allow":["GET"]}}],"collection":[{"href":"https:\/\/balticpresspublishers.eu\/et\/wp-json\/wp\/v2\/pages"}],"about":[{"href":"https:\/\/balticpresspublishers.eu\/et\/wp-json\/wp\/v2\/types\/page"}],"author":[{"embeddable":true,"href":"https:\/\/balticpresspublishers.eu\/et\/wp-json\/wp\/v2\/users\/2"}],"replies":[{"embeddable":true,"href":"https:\/\/balticpresspublishers.eu\/et\/wp-json\/wp\/v2\/comments?post=17393"}],"version-history":[{"count":84,"href":"https:\/\/balticpresspublishers.eu\/et\/wp-json\/wp\/v2\/pages\/17393\/revisions"}],"predecessor-version":[{"id":17801,"href":"https:\/\/balticpresspublishers.eu\/et\/wp-json\/wp\/v2\/pages\/17393\/revisions\/17801"}],"wp:attachment":[{"href":"https:\/\/balticpresspublishers.eu\/et\/wp-json\/wp\/v2\/media?parent=17393"}],"curies":[{"name":"wp","href":"https:\/\/api.w.org\/{rel}","templated":true}]}}