{"id":17423,"date":"2024-06-19T23:07:30","date_gmt":"2024-06-19T20:07:30","guid":{"rendered":"https:\/\/balticpresspublishers.eu\/kontakt\/"},"modified":"2024-08-01T16:18:32","modified_gmt":"2024-08-01T13:18:32","slug":"kontakt","status":"publish","type":"page","link":"https:\/\/balticpresspublishers.eu\/et\/kontakt\/","title":{"rendered":"Kontakt"},"content":{"rendered":"<div class=\"wpb-content-wrapper\"><p>[vc_row columns_gap=&#8221;60&#8243;][vc_column][vc_row_inner][vc_column_inner width=&#8221;1\/2&#8243;]<h2 class=\"grve-element grve-title grve-align-left grve-h4\" style=\"\"><span>Kontakt<\/span><\/h2>[vc_column_text css=&#8221;&#8221;]\u00c4rinimi:<br \/>\n<strong>MT\u00dc Balti Uudismeedia V\u00e4ljaandjate \u00dching<\/strong>[\/vc_column_text][vc_empty_space][vc_column_text css=&#8221;&#8221;]P\u00e4rnu mnt 67a,<br \/>\n10134 Tallinn,<br \/>\nHarju maakond,<br \/>\nEesti Vabariik<\/p>\n<p>Registrikood: 80642209<\/p>\n<p>Telefon: +372 5686 7233<\/p>\n<p>E-post: <a href=\"mailto:info@balticpresspublishers.eu\">info@balticpresspublishers.eu<\/a>[\/vc_column_text][\/vc_column_inner][vc_column_inner width=&#8221;1\/2&#8243;]<h2 class=\"grve-element grve-title grve-align-left grve-h4\" style=\"\"><span>Saada s\u00f5num<\/span><\/h2>\n<div class=\"wpcf7 no-js\" id=\"wpcf7-f17511-o1\" lang=\"et\" dir=\"ltr\" data-wpcf7-id=\"17511\">\n<div class=\"screen-reader-response\"><p role=\"status\" aria-live=\"polite\" aria-atomic=\"true\"><\/p> <ul><\/ul><\/div>\n<form action=\"\/et\/wp-json\/wp\/v2\/pages\/17423#wpcf7-f17511-o1\" method=\"post\" class=\"wpcf7-form init\" aria-label=\"Contact form\" novalidate=\"novalidate\" data-status=\"init\">\n<fieldset class=\"hidden-fields-container\"><input type=\"hidden\" name=\"_wpcf7\" value=\"17511\" \/><input type=\"hidden\" name=\"_wpcf7_version\" value=\"6.1.5\" \/><input type=\"hidden\" name=\"_wpcf7_locale\" value=\"et\" \/><input type=\"hidden\" name=\"_wpcf7_unit_tag\" value=\"wpcf7-f17511-o1\" \/><input type=\"hidden\" name=\"_wpcf7_container_post\" value=\"0\" \/><input type=\"hidden\" name=\"_wpcf7_posted_data_hash\" value=\"\" \/>\n<\/fieldset>\n<div class=\"grve-form grve-underline\">\n\t<div class=\"grve-fields-wrapper\">\n\t\t<div>\n\t\t\t<p><span class=\"wpcf7-form-control-wrap\" data-name=\"your-name\"><input size=\"40\" maxlength=\"400\" class=\"wpcf7-form-control wpcf7-text wpcf7-validates-as-required\" aria-required=\"true\" aria-invalid=\"false\" placeholder=\"Sinu nimi (n\u00f5utud)\" value=\"\" type=\"text\" name=\"your-name\" \/><\/span>\n\t\t\t<\/p>\n\t\t<\/div>\n\t\t<div>\n\t\t\t<p><span class=\"wpcf7-form-control-wrap\" data-name=\"your-email\"><input size=\"40\" maxlength=\"400\" class=\"wpcf7-form-control wpcf7-email wpcf7-validates-as-required wpcf7-text wpcf7-validates-as-email\" aria-required=\"true\" aria-invalid=\"false\" placeholder=\"Sinu e-post (n\u00f5utud)\" value=\"\" type=\"email\" name=\"your-email\" \/><\/span>\n\t\t\t<\/p>\n\t\t<\/div>\n\t\t<div>\n\t\t\t<p><span class=\"wpcf7-form-control-wrap\" data-name=\"your-subject\"><input size=\"40\" maxlength=\"400\" class=\"wpcf7-form-control wpcf7-text wpcf7-validates-as-required\" aria-required=\"true\" aria-invalid=\"false\" placeholder=\"Teema (n\u00f5utud)\" value=\"\" type=\"text\" name=\"your-subject\" \/><\/span>\n\t\t\t<\/p>\n\t\t<\/div>\n\t\t<div>\n\t\t\t<p><span class=\"wpcf7-form-control-wrap\" data-name=\"your-message\"><textarea cols=\"40\" rows=\"10\" maxlength=\"2000\" class=\"wpcf7-form-control wpcf7-textarea\" aria-invalid=\"false\" placeholder=\"Sinu s\u00f5num\" name=\"your-message\"><\/textarea><\/span>\n\t\t\t<\/p>\n\t\t<\/div>\n\t\t<div>\n\t\t\t<p><input class=\"wpcf7-form-control wpcf7-submit has-spinner\" type=\"submit\" value=\"Saada\" \/>\n\t\t\t<\/p>\n\t\t<\/div>\n\t<\/div>\n<\/div><div class=\"wpcf7-response-output\" aria-hidden=\"true\"><\/div>\n<\/form>\n<\/div>\n[\/vc_column_inner][\/vc_row_inner][\/vc_column][\/vc_row]<\/p>\n<\/div>","protected":false},"excerpt":{"rendered":"<p>[vc_row columns_gap=&#8221;60&#8243;][vc_column][vc_row_inner][vc_column_inner width=&#8221;1\/2&#8243;][vc_column_text css=&#8221;&#8221;]\u00c4rinimi: MT\u00dc Balti Uudismeedia V\u00e4ljaandjate \u00dching[\/vc_column_text][vc_empty_space][vc_column_text css=&#8221;&#8221;]P\u00e4rnu mnt 67a, 10134 Tallinn, Harju maakond, Eesti Vabariik Registrikood: 80642209 Telefon: +372 5686 7233 E-post: info@balticpresspublishers.eu[\/vc_column_text][\/vc_column_inner][vc_column_inner width=&#8221;1\/2&#8243;][\/vc_column_inner][\/vc_row_inner][\/vc_column][\/vc_row]<\/p>\n","protected":false},"author":2,"featured_media":0,"parent":0,"menu_order":0,"comment_status":"closed","ping_status":"closed","template":"","meta":{"footnotes":""},"class_list":["post-17423","page","type-page","status-publish","hentry"],"_links":{"self":[{"href":"https:\/\/balticpresspublishers.eu\/et\/wp-json\/wp\/v2\/pages\/17423","targetHints":{"allow":["GET"]}}],"collection":[{"href":"https:\/\/balticpresspublishers.eu\/et\/wp-json\/wp\/v2\/pages"}],"about":[{"href":"https:\/\/balticpresspublishers.eu\/et\/wp-json\/wp\/v2\/types\/page"}],"author":[{"embeddable":true,"href":"https:\/\/balticpresspublishers.eu\/et\/wp-json\/wp\/v2\/users\/2"}],"replies":[{"embeddable":true,"href":"https:\/\/balticpresspublishers.eu\/et\/wp-json\/wp\/v2\/comments?post=17423"}],"version-history":[{"count":22,"href":"https:\/\/balticpresspublishers.eu\/et\/wp-json\/wp\/v2\/pages\/17423\/revisions"}],"predecessor-version":[{"id":17652,"href":"https:\/\/balticpresspublishers.eu\/et\/wp-json\/wp\/v2\/pages\/17423\/revisions\/17652"}],"wp:attachment":[{"href":"https:\/\/balticpresspublishers.eu\/et\/wp-json\/wp\/v2\/media?parent=17423"}],"curies":[{"name":"wp","href":"https:\/\/api.w.org\/{rel}","templated":true}]}}