{"id":17485,"date":"2024-06-07T21:16:56","date_gmt":"2024-06-07T18:16:56","guid":{"rendered":"https:\/\/balticpresspublishers.eu\/privaatsuspoliitika\/"},"modified":"2024-08-01T15:03:00","modified_gmt":"2024-08-01T12:03:00","slug":"privaatsuspoliitika","status":"publish","type":"page","link":"https:\/\/balticpresspublishers.eu\/et\/privaatsuspoliitika\/","title":{"rendered":"Privaatsuspoliitika"},"content":{"rendered":"<div class=\"wpb-content-wrapper\"><p>[vc_row padding_top_multiplier=&#8221;&#8221;][vc_column][vc_column_text css=&#8221;&#8221;]<\/p>\n<h5>Veebilehte www.balticpresspublishers.eu (edaspidi nimetatud veebileht) haldab MT\u00dc Balti Uudismeedia V\u00e4ljaandjate \u00dching. Kontaktandmed on v\u00e4lja toodud k\u00e4esolevates privaatsuspoliitika tingimustes allpool.<\/h5>\n<p>[\/vc_column_text][vc_empty_space][vc_column_text css=&#8221;&#8221;]<\/p>\n<h4>1. \u00dcldised p\u00f5him\u00f5tted<\/h4>\n<p>1.1. K\u00e4esolevad privaatsuspoliitika tingimused kirjeldavad, kuidas ja milleks Balti Uudismeedia V\u00e4ljaandjate \u00dching kasutab veebilehe k\u00fclastamise ja selle k\u00fclastajate kohta kogutavaid ja kogunevaid andmeid. K\u00e4esolevad privaatsuspoliitika tingimused kirjeldavad samuti, kuidas ja milleks Balti Uudismeedia V\u00e4ljaandjate \u00dching kui vastutav andmet\u00f6\u00f6tleja t\u00f6\u00f6tleb andmesubjektide isikuandmeid. Isikuandmed on teave tuvastatud v\u00f5i tuvastatava f\u00fc\u00fcsilise isiku kohta.<br \/>\n1.2. Palume veebilehe k\u00fclastajal lugeda k\u00e4esolevad privaatsuspoliitika tingimused hoolikalt l\u00e4bi ja nendega p\u00f5hjalikult tutvuda. Kui veebilehe k\u00fclastaja ei saa privaatsuspoliitika tingimustest aru v\u00f5i ei n\u00f5ustu nendega kasv\u00f5i osaliselt, siis ei tohi veebilehe k\u00fclastaja veebilehte edasi kasutada. Veebilehte edasi kasutades n\u00f5ustub veebilehe k\u00fclastaja t\u00e4ies ulatuses k\u00e4esolevate privaatsuspoliitika tingimustega ning annab Balti Uudismeedia V\u00e4ljaandjate \u00dchingule n\u00f5usoleku oma isikuandmete t\u00f6\u00f6tlemiseks k\u00e4esolevates privaatsuspoliitika tingimustes kirjeldatud viisil ja ulatuses.<br \/>\n1.3. Balti Uudismeedia V\u00e4ljaandjate \u00dchingu jaoks on veebilehe k\u00fclastajate turvalisus v\u00e4ga oluline.<br \/>\n1.4. Balti Uudismeedia V\u00e4ljaandjate \u00dching l\u00e4htub isikuandmete t\u00f6\u00f6tlemisel v\u00f5imalikult suures ulatuses andmesubjekti \u00f5igustest, huvidest ja vabadustest. Balti Uudismeedia V\u00e4ljaandjate \u00dchingu eesm\u00e4rgiks on vastutustundlik isikuandmete t\u00f6\u00f6tlemine ja parimast praktikast l\u00e4htumine. Balti Uudismeedia V\u00e4ljaandjate \u00dching l\u00e4htub isikuandmete t\u00f6\u00f6tlemisel seaduslikkuse, \u00f5igluse, l\u00e4bipaistvuse, eesm\u00e4rgikohasuse, kvaliteedi, \u00f5igsuse, usaldusv\u00e4\u00e4rsuse, konfidentsiaalsuse, tehnilistele kriteeriumitele vastavuse ja s\u00e4ilitamise piirangu p\u00f5him\u00f5ttest. Isikuandmed t\u00f6\u00f6deldakse ainult koosk\u00f5las Eesti Vabariigis kehtivate \u00f5igusaktidega.<br \/>\n1.5. Juhul kui veebilehe k\u00fclastaja esitab Balti Uudismeedia V\u00e4ljaandjate \u00dchingule oma isikuandmeid, v\u00f5tab Balti Uudismeedia V\u00e4ljaandjate \u00dching kasutusele k\u00f5ik m\u00f5istlikud ja efektiivsed meetmed, et veebilehe k\u00fclastaja isikuandmeid kaitsta.<br \/>\n1.6. Balti Uudismeedia V\u00e4ljaandjate \u00dchingul on \u00f5igus k\u00e4esolevaid privaatsuspoliitika tingimusi igal ajal muuta, avaldades privaatsuspoliitika tingimuste uuendatud versiooni veebilehel. Privaatsuspoliitika tingimuste uuendatud versioon j\u00f5ustub konkreetses versioonis osundatud kuup\u00e4eval.<\/p>\n<h4>2. Isikuandmete t\u00f6\u00f6tlemise kord<\/h4>\n<p>2.1. Balti Uudismeedia V\u00e4ljaandjate \u00dching t\u00f6\u00f6tleb isikuandmeid andmesubjektilt saadud n\u00f5usoleku v\u00f5i seaduse alusel. \u201eIsikuandmete t\u00f6\u00f6tlemise\u201c all m\u00f5istetakse andmesubjekti isikuandmetega tehtavat mis tahes toimingut, mh kogumist, salvestamist, korrastamist, s\u00e4ilitamist, muutmist, avalikustamist, juurdep\u00e4\u00e4su v\u00f5imaldamist, p\u00e4ringute teostamist, v\u00e4ljav\u00f5tete tegemist, kasutamist, edastamist, ristkasutamist, \u00fchendamist, sulgemist, kustutamist ja h\u00e4vitamist.<br \/>\n2.2. Veebilehe k\u00fclastaja isikuandmeid t\u00f6\u00f6deldakse veebilehe k\u00fclastaja eelneval n\u00f5usolekul, va juhul kui veebilehe k\u00fclastajalt ei ole praktilistel p\u00f5hjustel v\u00f5imalik eelnevat n\u00f5usolekut k\u00fcsida ning kui isikuandmete t\u00f6\u00f6tlemine on Eesti Vabariigis kehtivate \u00f5igusaktide kohaselt lubatud.<br \/>\n2.3. Isikuandmeid t\u00f6\u00f6deldakse elektroonilisel kujul, erandkorras tehakse v\u00e4ljav\u00f5tteid ka muus formaadis.<br \/>\n2.4. Balti Uudismeedia V\u00e4ljaandjate \u00dching t\u00f6\u00f6tleb veebilehe k\u00fclastaja j\u00e4rgnevaid isikuandmeid:<br \/>\n2.4.1. Isikuandmeid, mida k\u00fclastaja avaldab seonduvalt juriidilisest isikust uudismeedia v\u00e4ljaandja esindamisega (esindajal on seejuures \u00f5igus juriidilist isikut esindada kas seaduse v\u00f5i volituse alusel) ja mida kogutakse ja salvestatakse Balti Uudismeedia V\u00e4ljaandjate \u00dchinguga liikme- v\u00f5i esinduslepingut s\u00f5lmiva uudismeedia v\u00e4ljaandja esindaja identifitseerimiseks (ulatuses, mida n\u00f5uab hoolsuskohustus), eelk\u00f5ige uudismeedia v\u00e4ljaandja esindaja (i) ees- ja perekonnanimi, (ii) e-posti aadress, ja (iii) isikukood v\u00f5i s\u00fcnniaeg; ning<br \/>\n2.4.2. Isikuandmeid, mida veebilehe k\u00fclastaja t\u00e4iendavalt ise esitab Balti Uudismeedia V\u00e4ljaandjate \u00dchingule.<br \/>\n2.5. Balti Uudismeedia V\u00e4ljaandjate \u00dching v\u00f5ib t\u00f6\u00f6delda veebilehe k\u00fclastajate isikuandmeid j\u00e4rgmistel eesm\u00e4rkidel:<br \/>\n2.5.1. Uudismeedia v\u00e4ljaandjaga liikme- v\u00f5i esinduslepingu s\u00f5lmimiseks ja sellele eelnevate l\u00e4bir\u00e4\u00e4kimiste pidamiseks;<br \/>\n2.5.2. E-posti teel v\u00f5i mis tahes muul viisil Balti Uudismeedia V\u00e4ljaandjate \u00dchinguga seonduvate teadete, uudiste ja muu taolise sisuga informatsiooni saatmiseks, samuti liikme- v\u00f5i esindatava \u00f5igusliku staatusega seonduvatest muudatustest informeerimiseks;<br \/>\n2.5.3. Uudismeedia v\u00e4ljaandjale kogutud tasu jaotamisest ja v\u00e4ljamaksmisest informeerimiseks; ning<br \/>\n2.5.4. Mis tahes muul eesm\u00e4rgil, mis on vajalik uudismeedia v\u00e4ljaandja \u00f5iguste kollektiivseks teostamiseks ja\/v\u00f5i tema huvide ja \u00f5iguste edendamiseks ja kaitsmiseks Balti Uudismeedia V\u00e4ljaandjate \u00dchingu poolt.<br \/>\n2.6. Juhul kui Balti Uudismeedia V\u00e4ljaandjate \u00dching peab vajalikuks avalikustada veebilehe k\u00fclastajate isikuandmed m\u00f5nele oma koost\u00f6\u00f6partnerile (n\u00e4iteks raamatupidamisteenuse osutaja, turundus-, reklaami- v\u00f5i ITK-partnerid) v\u00f5i mitmele eelloetletutest, siis need koost\u00f6\u00f6partnerid kohustuvad k\u00f5ik samamoodi j\u00e4rgima k\u00e4esolevaid privaatsuspoliitika tingimusi ja\/v\u00f5i Eesti Vabariigis kehtivaid \u00f5igusakte.<br \/>\n2.7. Isikuandmed kustutatakse \u00e4ra v\u00f5i tehakse k\u00e4ttesaamatuks p\u00e4rast seda, kui (i) nende t\u00f6\u00f6tlemise eesm\u00e4rk on \u00e4ra langenud, va juhul kui Eesti Vabariigis kehtivates \u00f5igusaktides on teisiti etten\u00e4htud, v\u00f5i (ii) isikuandmete t\u00f6\u00f6tlemine ei ole seaduse alusel lubatud, rikub isikuandmete t\u00f6\u00f6tlemise p\u00f5him\u00f5tteid v\u00f5i isikuandmete kustutamine on vajalik vastutava t\u00f6\u00f6tleja seaduses s\u00e4testatud kohustuse t\u00e4itmiseks.<br \/>\n2.8. Kui andmesubjekt palub tema kohta kogutud isikuandmete kustutamist, siis ta peab avaldama oma tahet isikuandmete kustutamiseks saates Balti Uudismeedia V\u00e4ljaandjate \u00dching sellekohase tahteavalduse e-kirja teel e-posti aadressile info@balticpresspublishers.eu. Veebilehe k\u00fclastaja isikuandmete t\u00f6\u00f6tlemiseks Balti Uudismeedia V\u00e4ljaandjate \u00dchingule antud n\u00f5usoleku tagasiv\u00f5tmine ei m\u00f5juta eelnevalt asetleidnud isikuandmete t\u00f6\u00f6tlemise seaduslikkust.<br \/>\n2.9. Lisaks k\u00e4esolevates privaatsuspoliitika tingimustes eelmises punktis nimetatud \u00f5igusele n\u00f5uda oma isikuandmete kustutamist on veebilehe k\u00fclastajal (i) \u00f5igus saada teavet tema kohta kogutud isikuandmete kohta, (ii) \u00f5igus tema kohta kogutud isikuandmetega tutvuda, (iii) \u00f5igus n\u00f5uda isikuandmete \u00fclakandmist teisele teenusepakkujale, (iv) \u00f5igus n\u00f5uda tema kohta kogutud eba\u00f5igete isikuandmete parandamist, (v) \u00f5igus n\u00f5uda isikuandmete t\u00f6\u00f6tlemise piiramist (juhul, kui taoline \u00f5igus tuleneb Eesti Vabariigis kehtivatest \u00f5igusaktidest), (vi) \u00f5igus kahju h\u00fcvitamisele, (vii) \u00f5igus k\u00fcsida p\u00e4devalt j\u00e4relevalveasutuselt hinnangut selle kohta, kas isikuandmete t\u00f6\u00f6tlemine on \u00f5igusp\u00e4rane, ja kui isikuandmete t\u00f6\u00f6tlemine ei ole \u00f5igusp\u00e4rane, siis (viii) esitada kaebus kas Balti Uudismeedia V\u00e4ljaandjate \u00dchingule (e-posti aadressil: info@balticpresspublishers.eu), Andmekaitse Inspektsioonile (e-poisti aadressil: info@aki.ee v\u00f5i telefonil +372 627 4135) v\u00f5i kohtule.<br \/>\n2.10. Balti Uudismeedia V\u00e4ljaandjate \u00dching kogub samuti teatud laadi isikuandmeid, mis ei ole veebilehe k\u00fclastajaga otseselt seotud, n\u00e4iteks v\u00f5ib Balti Uudismeedia V\u00e4ljaandjate \u00dching koguda veebilehe k\u00fclastajate IP-aadresse.<\/p>\n<h4>3. K\u00fcpsiste kasutamine<\/h4>\n<p>3.1. K\u00fcpsised on v\u00e4ikesed andmefailid, mida veebileht saadab veebilehe k\u00fclastaja veebisirvijasse ja\/v\u00f5i seadmetesse ning mis automaatselt k\u00fclastaja seadmes salvestatakse. Balti Uudismeedia V\u00e4ljaandjate \u00dching kasutab kahte liiki k\u00fcpsiseid \u2013 so (i) vajalikke ja (ii) funktsionaalseid k\u00fcpsised, millest osad on ka kolmanda osapoole (n\u00e4iteks Google Analytics, mis on levinumaid ja usaldusv\u00e4\u00e4rsemaid anal\u00fc\u00fcsilahendusi), ning samuti muid analoogseid tehnoloogiaid (n\u00e4iteks seadme- ja asukohainfo).<br \/>\n3.2. Vajalikud k\u00fcpsised on veebilehe p\u00f5hifunktsioonide jaoks h\u00e4davajalikud ja ilma nendeta ei toimi veebileht etten\u00e4htud viisil. Seda liiki k\u00fcpsised ei salvesta isikuandmeid.<br \/>\n3.3. Funktsionaalsed k\u00fcpsised aitavad t\u00e4ita teatud funktsioone, n\u00e4iteks jagada veebilehe sisu sotsiaalmeedia platvormidel, koguda tagasisidet ja t\u00e4ita muid kolmanda osapoole funktsioone.<br \/>\n3.4. Kolmandate osapoolte k\u00fcpsiste haldamine v\u00f5ib toimuda nii Balti Uudismeedia V\u00e4ljaandjate \u00dchingu enda kui ka kolmandate osapoolte poolt otse. Google Analytics k\u00fcpsised v\u00f5ivad muuhulgas j\u00e4lgida n\u00e4iteks seda, kui kaua aega k\u00fclastajad veedavad veebilehel.<br \/>\n3.5. Balti Uudismeedia V\u00e4ljaandjate \u00dching kasutab k\u00fcpsiseid samuti selleks, et j\u00e4lgida veebilehe \u00fcldist liiklust ning muuta veebilehe k\u00fclastajate kasutajakogemust paremaks. Balti Uudismeedia V\u00e4ljaandjate \u00dching v\u00f5ib kasutada ka muid taolisi tehnoloogiaid, mis koguvad teavet veebilehe k\u00fclastamise kohta.<br \/>\n3.6. Lisaks eeltoodule, veebilehe k\u00fclastajate tegevused veebilehel v\u00f5ib salvestada samuti server, mis majutab veebilehte. Neid andmeid kasutatakse tehnilistel eesm\u00e4rkidel tagamaks veebilehe turvalisus ja toimimine.<\/p>\n<h4>4. Kontaktandmed<\/h4>\n<p>4.1. \u00c4rinimi: MT\u00dc Balti Uudismeedia V\u00e4ljaandjate \u00dching<br \/>\n4.2. Registrikood: 80642209<br \/>\n4.3. Registrij\u00e4rgne aadress: P\u00e4rnu mnt 67a, 10134 Tallinn, Harju maakond, Eesti Vabariik.<br \/>\n4.4. E-post: <a href=\"mailto:info@balticpresspublishers.eu\">info@balticpresspublishers.eu<\/a><\/p>\n<p><em>Privaatsuspoliitika tingimusi uuendati viimati 17.06.2024.<\/em>[\/vc_column_text][\/vc_column][\/vc_row]<\/p>\n<\/div>","protected":false},"excerpt":{"rendered":"<p>[vc_row padding_top_multiplier=&#8221;&#8221;][vc_column][vc_column_text css=&#8221;&#8221;] Veebilehte www.balticpresspublishers.eu (edaspidi nimetatud veebileht) haldab MT\u00dc Balti Uudismeedia V\u00e4ljaandjate \u00dching. Kontaktandmed on v\u00e4lja toodud k\u00e4esolevates privaatsuspoliitika tingimustes allpool. [\/vc_column_text][vc_empty_space][vc_column_text css=&#8221;&#8221;] 1. \u00dcldised p\u00f5him\u00f5tted 1.1. K\u00e4esolevad privaatsuspoliitika tingimused kirjeldavad, kuidas ja milleks Balti Uudismeedia V\u00e4ljaandjate \u00dching kasutab veebilehe k\u00fclastamise ja selle k\u00fclastajate kohta kogutavaid ja kogunevaid andmeid. K\u00e4esolevad privaatsuspoliitika tingimused kirjeldavad samuti, [&hellip;]<\/p>\n","protected":false},"author":2,"featured_media":0,"parent":0,"menu_order":0,"comment_status":"closed","ping_status":"open","template":"","meta":{"footnotes":""},"class_list":["post-17485","page","type-page","status-publish","hentry"],"_links":{"self":[{"href":"https:\/\/balticpresspublishers.eu\/et\/wp-json\/wp\/v2\/pages\/17485","targetHints":{"allow":["GET"]}}],"collection":[{"href":"https:\/\/balticpresspublishers.eu\/et\/wp-json\/wp\/v2\/pages"}],"about":[{"href":"https:\/\/balticpresspublishers.eu\/et\/wp-json\/wp\/v2\/types\/page"}],"author":[{"embeddable":true,"href":"https:\/\/balticpresspublishers.eu\/et\/wp-json\/wp\/v2\/users\/2"}],"replies":[{"embeddable":true,"href":"https:\/\/balticpresspublishers.eu\/et\/wp-json\/wp\/v2\/comments?post=17485"}],"version-history":[{"count":9,"href":"https:\/\/balticpresspublishers.eu\/et\/wp-json\/wp\/v2\/pages\/17485\/revisions"}],"predecessor-version":[{"id":17648,"href":"https:\/\/balticpresspublishers.eu\/et\/wp-json\/wp\/v2\/pages\/17485\/revisions\/17648"}],"wp:attachment":[{"href":"https:\/\/balticpresspublishers.eu\/et\/wp-json\/wp\/v2\/media?parent=17485"}],"curies":[{"name":"wp","href":"https:\/\/api.w.org\/{rel}","templated":true}]}}