{"id":17618,"date":"2024-07-21T10:37:02","date_gmt":"2024-07-21T07:37:02","guid":{"rendered":"https:\/\/balticpresspublishers.eu\/dokumendid\/"},"modified":"2024-08-14T10:26:22","modified_gmt":"2024-08-14T07:26:22","slug":"dokumendid","status":"publish","type":"page","link":"https:\/\/balticpresspublishers.eu\/et\/dokumendid\/","title":{"rendered":"Dokumendid"},"content":{"rendered":"<div class=\"wpb-content-wrapper\"><p>[vc_row][vc_column width=&#8221;1\/2&#8243;]<div class=\"grve-element grve-box-icon grve-medium grve-side-icon grve-align-left\" style=\"margin-bottom: 30px;\"><a href=\"https:\/\/balticpresspublishers.eu\/wp-content\/uploads\/2024\/07\/BPCMO_Pohikiri_EST.pdf\" title=\"P\u00f5hikiri\" target=\"_blank\" rel=\"noopener noreferrer\"><div class=\"grve-wrapper-icon grve-no-shape\" style=\"\"><i class=\"grve-text-primary-1 far fa-file-pdf\"><\/i><\/div><div class=\"grve-box-content\"><div class=\"grve-box-title-wrapper\"><h3 class=\"grve-box-title grve-h3\">P\u00f5hikiri<\/h3><\/div><\/div><\/a><\/div><div class=\"grve-element grve-box-icon grve-medium grve-side-icon grve-align-left\" style=\"margin-bottom: 30px;\"><a href=\"https:\/\/balticpresspublishers.eu\/wp-content\/uploads\/2024\/07\/BPCMO_tasude_jaotamise_ja_valjamaksmise_uldpohimotted_16072024.pdf\" title=\"Tasude jaotamise ja v\u00e4ljamaksmise \u00fcldp\u00f5him\u00f5tted\" target=\"_blank\" rel=\"noopener noreferrer\"><div class=\"grve-wrapper-icon grve-no-shape\" style=\"\"><i class=\"grve-text-primary-1 far fa-file-pdf\"><\/i><\/div><div class=\"grve-box-content\"><div class=\"grve-box-title-wrapper\"><h3 class=\"grve-box-title grve-h3\">Tasude jaotamise ja v\u00e4ljamaksmise \u00fcldp\u00f5him\u00f5tted<\/h3><\/div><\/div><\/a><\/div><div class=\"grve-element grve-box-icon grve-medium grve-side-icon grve-align-left\" style=\"margin-bottom: 30px;\"><a href=\"https:\/\/balticpresspublishers.eu\/wp-content\/uploads\/2024\/07\/BPCMO_mahaarvamiste_uldpohimotted_16072024.pdf\" title=\"Mahaarvamiste \u00fcldp\u00f5him\u00f5tted\" target=\"_blank\" rel=\"noopener noreferrer\"><div class=\"grve-wrapper-icon grve-no-shape\" style=\"\"><i class=\"grve-text-primary-1 far fa-file-pdf\"><\/i><\/div><div class=\"grve-box-content\"><div class=\"grve-box-title-wrapper\"><h3 class=\"grve-box-title grve-h3\">Mahaarvamiste \u00fcldp\u00f5him\u00f5tted<\/h3><\/div><\/div><\/a><\/div>[\/vc_column][vc_column width=&#8221;1\/2&#8243;]<div class=\"grve-element grve-box-icon grve-medium grve-side-icon grve-align-left\" style=\"margin-bottom: 30px;\"><a href=\"https:\/\/balticpresspublishers.eu\/wp-content\/uploads\/2024\/07\/BPCMO_mittejaotatavate_summade_kasutamise_uldpohimotted_16072024.pdf\" title=\"Mittejaotatavate summade kasutamise \u00fcldp\u00f5him\u00f5tted\" target=\"_blank\" rel=\"noopener noreferrer\"><div class=\"grve-wrapper-icon grve-no-shape\" style=\"\"><i class=\"grve-text-primary-1 far fa-file-pdf\"><\/i><\/div><div class=\"grve-box-content\"><div class=\"grve-box-title-wrapper\"><h3 class=\"grve-box-title grve-h3\">Mittejaotatavate summade kasutamise \u00fcldp\u00f5him\u00f5tted<\/h3><\/div><\/div><\/a><\/div><div class=\"grve-element grve-box-icon grve-medium grve-side-icon grve-align-left\" style=\"margin-bottom: 30px;\"><a href=\"https:\/\/balticpresspublishers.eu\/wp-content\/uploads\/2024\/07\/BPCMO_haldustasude_maaramise_uldpohimotted_16072024.pdf\" title=\"Haldustasude m\u00e4\u00e4ramise \u00fcldp\u00f5him\u00f5tted\" target=\"_blank\" rel=\"noopener noreferrer\"><div class=\"grve-wrapper-icon grve-no-shape\" style=\"\"><i class=\"grve-text-primary-1 far fa-file-pdf\"><\/i><\/div><div class=\"grve-box-content\"><div class=\"grve-box-title-wrapper\"><h3 class=\"grve-box-title grve-h3\">Haldustasude m\u00e4\u00e4ramise \u00fcldp\u00f5him\u00f5tted<\/h3><\/div><\/div><\/a><\/div><div class=\"grve-element grve-box-icon grve-medium grve-side-icon grve-align-left\" style=\"margin-bottom: 30px;\"><a href=\"https:\/\/balticpresspublishers.eu\/wp-content\/uploads\/2024\/07\/BPCMO_vaidluste_lahendamise_kord_16072024.pdf\" title=\"Vaidluste lahendamise kord\" target=\"_blank\" rel=\"noopener noreferrer\"><div class=\"grve-wrapper-icon grve-no-shape\" style=\"\"><i class=\"grve-text-primary-1 far fa-file-pdf\"><\/i><\/div><div class=\"grve-box-content\"><div class=\"grve-box-title-wrapper\"><h3 class=\"grve-box-title grve-h3\">Vaidluste lahendamise kord<\/h3><\/div><\/div><\/a><\/div>[\/vc_column][\/vc_row]<\/p>\n<\/div>","protected":false},"excerpt":{"rendered":"<p>[vc_row][vc_column width=&#8221;1\/2&#8243;][\/vc_column][vc_column width=&#8221;1\/2&#8243;][\/vc_column][\/vc_row]<\/p>\n","protected":false},"author":2,"featured_media":0,"parent":0,"menu_order":0,"comment_status":"closed","ping_status":"closed","template":"","meta":{"footnotes":""},"class_list":["post-17618","page","type-page","status-publish","hentry"],"_links":{"self":[{"href":"https:\/\/balticpresspublishers.eu\/et\/wp-json\/wp\/v2\/pages\/17618","targetHints":{"allow":["GET"]}}],"collection":[{"href":"https:\/\/balticpresspublishers.eu\/et\/wp-json\/wp\/v2\/pages"}],"about":[{"href":"https:\/\/balticpresspublishers.eu\/et\/wp-json\/wp\/v2\/types\/page"}],"author":[{"embeddable":true,"href":"https:\/\/balticpresspublishers.eu\/et\/wp-json\/wp\/v2\/users\/2"}],"replies":[{"embeddable":true,"href":"https:\/\/balticpresspublishers.eu\/et\/wp-json\/wp\/v2\/comments?post=17618"}],"version-history":[{"count":4,"href":"https:\/\/balticpresspublishers.eu\/et\/wp-json\/wp\/v2\/pages\/17618\/revisions"}],"predecessor-version":[{"id":17682,"href":"https:\/\/balticpresspublishers.eu\/et\/wp-json\/wp\/v2\/pages\/17618\/revisions\/17682"}],"wp:attachment":[{"href":"https:\/\/balticpresspublishers.eu\/et\/wp-json\/wp\/v2\/media?parent=17618"}],"curies":[{"name":"wp","href":"https:\/\/api.w.org\/{rel}","templated":true}]}}